{"id":373,"date":"2020-09-27T22:08:04","date_gmt":"2020-09-27T21:08:04","guid":{"rendered":"https:\/\/www.cupofmusic.net\/?page_id=373"},"modified":"2020-09-27T22:29:36","modified_gmt":"2020-09-27T21:29:36","slug":"umuzykalniajace-zajecia-dla-dzieci","status":"publish","type":"page","link":"https:\/\/www.cupofmusic.net\/?page_id=373","title":{"rendered":"Umuzykalniaj\u0105ce zaj\u0119cia dla dzieci"},"content":{"rendered":"\n<figure class=\"wp-block-image size-large\"><img fetchpriority=\"high\" decoding=\"async\" width=\"640\" height=\"360\" src=\"https:\/\/www.cupofmusic.net\/wp-content\/uploads\/2020\/09\/instrument-2010525_640.jpg\" alt=\"\" class=\"wp-image-376\"\/><\/figure>\n\n\n\n<p><strong><u>Zaj\u0119cia umuzykalniaj\u0105ce dla dzieci (grupowe w formie online)<br><br><\/u>Wiek dzieci: r\u00f3\u017cnorodny od ma\u0142ych dzieci do ok. 10 roku \u017cycia<\/strong>. Zapraszam wszystkie dzieci, kt\u00f3re s\u0105 w rodzinie.<br>Aktywna obecno\u015b\u0107 chocia\u017c jednego rodzica jest obowi\u0105zkowa i wynika z troski o bezpiecze\u0144stwo dzieci z jednej strony i jest te\u017c zaproszeniem do budowania dobrej relacji rodzinnej opartej na muzyce z drugiej strony.<br><br>\u0141\u0105cz\u0105c dzieci w takim wieku id\u0119 za my\u015bl\u0105 Marii Montessori, kt\u00f3ra zak\u0142adaj\u0105c grupy dzieci\u0119ce \u0142\u0105czy\u0142a je wiekowo, wzoruj\u0105c si\u0119 na naturalnych r\u00f3\u017cnicach wieku dzieci w rodzinie. Ponadto ze wzgl\u0119du na form\u0119 online bardzo si\u0119 ciesz\u0119, je\u015bli w zaj\u0119ciach bior\u0105 udzia\u0142 ca\u0142e rodziny. <br>W normalnych warunkach, to grupa dzieci tworzy\u0142a wsp\u00f3lne do\u015bwiadczenie muzyczne. W warunkach online takie do\u015bwiadczenie chcemy przekaza\u0107 w \u015brodowisko rodzinne dziecka\/dzieci.<br><br><strong>D\u0142ugo\u015b\u0107 i cz\u0119stotliwo\u015b\u0107 zaj\u0119\u0107: 2 razy w tygodniu po 30 minut.<br><\/strong>Moja propozycja wynika z tego, \u017ce dzieciom trudno skupi\u0107 si\u0119 b\u0119d\u0105c online d\u0142u\u017cej ni\u017c 30 minut.<br>Dwa spotkania w tygodniu b\u0119d\u0105 umacnia\u0142y efekt pedagogiczny.<br><br>Zaj\u0119cia w wi\u0119kszo\u015bci b\u0119d\u0105 oparte na <a href=\"\/?p=352\">metodzie Zoltana Kodaly<\/a>. W razie potrzeby b\u0119d\u0119 wykorzystywa\u0142a te\u017c inne elementy z pedagogicznych metod umuzykalniaj\u0105cych.<br><br><\/p>\n\n\n\n<p>Uwagi do formy online:<br>1. Poprosz\u0119 ka\u017cdego z rodzic\u00f3w o o\u015bwiadczenie, \u017ce nie b\u0119dzie nagrywa\u0142 zaj\u0119\u0107. W czasie po\u0142\u0105czenia b\u0119d\u0105 widoczne inne dzieci i nie chcia\u0142abym by by\u0142a naruszona ich prywatno\u015b\u0107.<br>Je\u015bli b\u0119dzie taka potrzeba, by odtworzy\u0107 w domu jak\u0105\u015b melodi\u0119 po zaj\u0119ciach, ch\u0119tnie nagram osobno plik i udost\u0119pni\u0119 w formie innej ni\u017c nagranie z zaj\u0119\u0107.<\/p>\n\n\n\n<p>2. Wymagania sprz\u0119towe.<br>\u017beby lekcja przebiega\u0142a p\u0142ynnie potrzebujemy dobre \u0142\u0105cze internetowe. Do tego urz\u0105dzenie z kamerk\u0105 i mikrofonem. Z regu\u0142y laptop wystarcza.<\/p>\n\n\n\n<p><br>W razie zainteresowania lub dodatkowych pyta\u0144 prosz\u0119 o kontakt:<\/p>\n\n\n\n\n\n<!-- CJT Shortcode Block (4) - emailk - START -->\n\n\t\t\t\t\t\t<span id='csmi-923a9e4b3d9cf3fef9b56e2ebb42d5c3' class='csmi csmi-bid-4 csmi-emailk'>\n\t\t\t\t\t\t\t<script>\nemailme('kate');\n<\/script>\n\t\t\t\t\t\t<\/span>\n\n\t\t\t\t\t<!-- CJT Shortcode Block (4) - emailk - END -->\n\n\n\n\n\n<p><\/p>\n","protected":false},"excerpt":{"rendered":"<p>Zaj\u0119cia umuzykalniaj\u0105ce dla dzieci (grupowe w formie online) Wiek dzieci: r\u00f3\u017cnorodny od ma\u0142ych dzieci do ok. 10 roku \u017cycia. Zapraszam wszystkie dzieci, kt\u00f3re s\u0105 w&hellip;<\/p>\n","protected":false},"author":1,"featured_media":0,"parent":0,"menu_order":0,"comment_status":"closed","ping_status":"closed","template":"","meta":{"_monsterinsights_skip_tracking":false,"_monsterinsights_sitenote_active":false,"_monsterinsights_sitenote_note":"","_monsterinsights_sitenote_category":0,"footnotes":""},"_links":{"self":[{"href":"https:\/\/www.cupofmusic.net\/index.php?rest_route=\/wp\/v2\/pages\/373"}],"collection":[{"href":"https:\/\/www.cupofmusic.net\/index.php?rest_route=\/wp\/v2\/pages"}],"about":[{"href":"https:\/\/www.cupofmusic.net\/index.php?rest_route=\/wp\/v2\/types\/page"}],"author":[{"embeddable":true,"href":"https:\/\/www.cupofmusic.net\/index.php?rest_route=\/wp\/v2\/users\/1"}],"replies":[{"embeddable":true,"href":"https:\/\/www.cupofmusic.net\/index.php?rest_route=%2Fwp%2Fv2%2Fcomments&post=373"}],"version-history":[{"count":3,"href":"https:\/\/www.cupofmusic.net\/index.php?rest_route=\/wp\/v2\/pages\/373\/revisions"}],"predecessor-version":[{"id":391,"href":"https:\/\/www.cupofmusic.net\/index.php?rest_route=\/wp\/v2\/pages\/373\/revisions\/391"}],"wp:attachment":[{"href":"https:\/\/www.cupofmusic.net\/index.php?rest_route=%2Fwp%2Fv2%2Fmedia&parent=373"}],"curies":[{"name":"wp","href":"https:\/\/api.w.org\/{rel}","templated":true}]}}