{"id":247,"date":"2020-05-16T16:11:49","date_gmt":"2020-05-16T15:11:49","guid":{"rendered":"https:\/\/www.cupofmusic.net\/?page_id=247"},"modified":"2020-09-28T09:14:03","modified_gmt":"2020-09-28T08:14:03","slug":"vouchery","status":"publish","type":"page","link":"https:\/\/www.cupofmusic.net\/?page_id=247","title":{"rendered":"Vouchery"},"content":{"rendered":"\n<p>Szukasz ciekawego prezentu dla osoby, na kt\u00f3rej Ci zale\u017cy?<br>Lekcje pianina (tak\u017ce on-line) s\u0105 propozycj\u0105 dla Ciebie!<\/p>\n\n\n\n<p>Przygotuj\u0119 dla Ciebie spersonalizowany bon podarunkowy, kt\u00f3ry b\u0119dziesz m\u00f3g\u0142 przekaza\u0107 ukochanej osobie.<br><\/p>\n\n\n\n<div class=\"wp-block-image\"><figure class=\"alignleft size-large is-resized\"><img fetchpriority=\"high\" decoding=\"async\" src=\"https:\/\/www.cupofmusic.net\/wp-content\/uploads\/2020\/09\/prezent.jpg\" alt=\"\" class=\"wp-image-392\" width=\"448\" height=\"298\"\/><\/figure><\/div>\n\n\n\n<p><\/p>\n\n\n\n<p><\/p>\n\n\n\n<p><\/p>\n\n\n\n<p>Voucher wa\u017cny jest rok od daty wystawienia.<\/p>\n\n\n\n<p>Zapraszam serdecznie do kontaktu:<\/p>\n\n\n\n\n\n<!-- CJT Shortcode Block (4) - emailk - START -->\n\n\t\t\t\t\t\t<span id='csmi-3044a47671b00b7ba47eff33c55459b1' class='csmi csmi-bid-4 csmi-emailk'>\n\t\t\t\t\t\t\t<script>\nemailme('kate');\n<\/script>\n\t\t\t\t\t\t<\/span>\n\n\t\t\t\t\t<!-- CJT Shortcode Block (4) - emailk - END -->\n\n\n","protected":false},"excerpt":{"rendered":"<p>Szukasz ciekawego prezentu dla osoby, na kt\u00f3rej Ci zale\u017cy?Lekcje pianina (tak\u017ce on-line) s\u0105 propozycj\u0105 dla Ciebie! Przygotuj\u0119 dla Ciebie spersonalizowany bon podarunkowy, kt\u00f3ry b\u0119dziesz m\u00f3g\u0142&hellip;<\/p>\n","protected":false},"author":2,"featured_media":0,"parent":230,"menu_order":4,"comment_status":"closed","ping_status":"closed","template":"","meta":{"_monsterinsights_skip_tracking":false,"_monsterinsights_sitenote_active":false,"_monsterinsights_sitenote_note":"","_monsterinsights_sitenote_category":0,"footnotes":""},"_links":{"self":[{"href":"https:\/\/www.cupofmusic.net\/index.php?rest_route=\/wp\/v2\/pages\/247"}],"collection":[{"href":"https:\/\/www.cupofmusic.net\/index.php?rest_route=\/wp\/v2\/pages"}],"about":[{"href":"https:\/\/www.cupofmusic.net\/index.php?rest_route=\/wp\/v2\/types\/page"}],"author":[{"embeddable":true,"href":"https:\/\/www.cupofmusic.net\/index.php?rest_route=\/wp\/v2\/users\/2"}],"replies":[{"embeddable":true,"href":"https:\/\/www.cupofmusic.net\/index.php?rest_route=%2Fwp%2Fv2%2Fcomments&post=247"}],"version-history":[{"count":4,"href":"https:\/\/www.cupofmusic.net\/index.php?rest_route=\/wp\/v2\/pages\/247\/revisions"}],"predecessor-version":[{"id":393,"href":"https:\/\/www.cupofmusic.net\/index.php?rest_route=\/wp\/v2\/pages\/247\/revisions\/393"}],"up":[{"embeddable":true,"href":"https:\/\/www.cupofmusic.net\/index.php?rest_route=\/wp\/v2\/pages\/230"}],"wp:attachment":[{"href":"https:\/\/www.cupofmusic.net\/index.php?rest_route=%2Fwp%2Fv2%2Fmedia&parent=247"}],"curies":[{"name":"wp","href":"https:\/\/api.w.org\/{rel}","templated":true}]}}