{"id":242,"date":"2020-05-16T16:08:39","date_gmt":"2020-05-16T15:08:39","guid":{"rendered":"https:\/\/www.cupofmusic.net\/?page_id=242"},"modified":"2020-09-28T09:16:38","modified_gmt":"2020-09-28T08:16:38","slug":"lekcje-on-line","status":"publish","type":"page","link":"https:\/\/www.cupofmusic.net\/?page_id=242","title":{"rendered":"Lekcje on-line"},"content":{"rendered":"\n<p>Nowoczesne technologie pomagaj\u0105 nam i upraszczaj\u0105 \u017cycie. I w nauce gry na pianinie, wg filozofii naszej szko\u0142y, z powodzeniem wykorzystujemy po\u0142\u0105czenia online.<\/p>\n\n\n\n<h2 class=\"wp-block-heading\">Nauka gry na pianinie online<\/h2>\n\n\n\n<p>Nasi uczniowie korzystaj\u0105 z opcji lekcji zdalnych. Nauczyciel posiada dwie kamerki, kt\u00f3re pokazuj\u0105 bok i g\u00f3r\u0119 klawiatury pianina. W razie potrzeby, by doprecyzowa\u0107 jak\u0105\u015b kwestie, dopasowujemy widok do potrzeb toku nauczania. W praktyce sprawdza si\u0119 to bardzo dobrze.<\/p>\n\n\n\n<h2 class=\"wp-block-heading\">Co potrzebuje ucze\u0144, by rozpocz\u0105\u0107 lekcje?<\/h2>\n\n\n\n<p>Oczywi\u015bcie na pocz\u0105tek potrzebny jest instrument.<\/p>\n\n\n\n<p>Do tego dobre po\u0142\u0105czenie internetowe + urz\u0105dzenie do komunikacji z mikrofonem i kamerk\u0105. Nauczyciel b\u0119dzie patrzy\u0142 na u\u0142o\u017cenie Twoich r\u0105k, Twojej postawy i s\u0142ucha\u0142 wykonania utworu.<\/p>\n\n\n\n<p>Wsp\u00f3lna nauka b\u0119dzie odbywa\u0142a si\u0119 w czasie rzeczywistym.<\/p>\n\n\n\n\n\n<!-- CJT Shortcode Block (4) - emailk - START -->\n\n\t\t\t\t\t\t<span id='csmi-e02dfea794a40d0ec639cec444dac739' class='csmi csmi-bid-4 csmi-emailk'>\n\t\t\t\t\t\t\t<script>\nemailme('kate');\n<\/script>\n\t\t\t\t\t\t<\/span>\n\n\t\t\t\t\t<!-- CJT Shortcode Block (4) - emailk - END -->\n\n\n\n\n\n<p><\/p>\n","protected":false},"excerpt":{"rendered":"<p>Nowoczesne technologie pomagaj\u0105 nam i upraszczaj\u0105 \u017cycie. I w nauce gry na pianinie, wg filozofii naszej szko\u0142y, z powodzeniem wykorzystujemy po\u0142\u0105czenia online. Nauka gry na&hellip;<\/p>\n","protected":false},"author":2,"featured_media":0,"parent":230,"menu_order":2,"comment_status":"closed","ping_status":"closed","template":"","meta":{"_monsterinsights_skip_tracking":false,"_monsterinsights_sitenote_active":false,"_monsterinsights_sitenote_note":"","_monsterinsights_sitenote_category":0,"footnotes":""},"_links":{"self":[{"href":"https:\/\/www.cupofmusic.net\/index.php?rest_route=\/wp\/v2\/pages\/242"}],"collection":[{"href":"https:\/\/www.cupofmusic.net\/index.php?rest_route=\/wp\/v2\/pages"}],"about":[{"href":"https:\/\/www.cupofmusic.net\/index.php?rest_route=\/wp\/v2\/types\/page"}],"author":[{"embeddable":true,"href":"https:\/\/www.cupofmusic.net\/index.php?rest_route=\/wp\/v2\/users\/2"}],"replies":[{"embeddable":true,"href":"https:\/\/www.cupofmusic.net\/index.php?rest_route=%2Fwp%2Fv2%2Fcomments&post=242"}],"version-history":[{"count":5,"href":"https:\/\/www.cupofmusic.net\/index.php?rest_route=\/wp\/v2\/pages\/242\/revisions"}],"predecessor-version":[{"id":395,"href":"https:\/\/www.cupofmusic.net\/index.php?rest_route=\/wp\/v2\/pages\/242\/revisions\/395"}],"up":[{"embeddable":true,"href":"https:\/\/www.cupofmusic.net\/index.php?rest_route=\/wp\/v2\/pages\/230"}],"wp:attachment":[{"href":"https:\/\/www.cupofmusic.net\/index.php?rest_route=%2Fwp%2Fv2%2Fmedia&parent=242"}],"curies":[{"name":"wp","href":"https:\/\/api.w.org\/{rel}","templated":true}]}}